{"id":3,"date":"2025-06-23T12:27:07","date_gmt":"2025-06-23T12:27:07","guid":{"rendered":"https:\/\/devunir.evolutionrepair.pt\/?page_id=3"},"modified":"2025-06-28T17:47:32","modified_gmt":"2025-06-28T17:47:32","slug":"politica-cookies-privacidade","status":"publish","type":"page","link":"https:\/\/devunir.evolutionrepair.pt\/en\/politica-cookies-privacidade\/","title":{"rendered":"Cookie and Privacy Policy"},"content":{"rendered":"<div data-elementor-type=\"wp-page\" data-elementor-id=\"3\" class=\"elementor elementor-3\" data-elementor-post-type=\"page\">\n\t\t\t\t<div class=\"elementor-element elementor-element-5b00979 e-flex e-con-boxed e-con e-parent\" data-id=\"5b00979\" data-element_type=\"container\" data-e-type=\"container\" data-settings=\"{&quot;background_background&quot;:&quot;classic&quot;}\">\n\t\t\t\t\t<div class=\"e-con-inner\">\n\t\t<div class=\"elementor-element elementor-element-25e9088 e-con-full e-flex e-con e-child\" data-id=\"25e9088\" data-element_type=\"container\" data-e-type=\"container\">\n\t\t\t\t<div class=\"elementor-element elementor-element-568446d animated-slow elementor-invisible elementor-widget elementor-widget-heading\" data-id=\"568446d\" data-element_type=\"widget\" data-e-type=\"widget\" data-settings=\"{&quot;_animation_delay&quot;:200,&quot;_animation&quot;:&quot;slideInUp&quot;}\" data-widget_type=\"heading.default\">\n\t\t\t\t<div class=\"elementor-widget-container\">\n\t\t\t\t\t<h2 class=\"elementor-heading-title elementor-size-default\">Cookie and Privacy Policy<\/h2>\t\t\t\t<\/div>\n\t\t\t\t<\/div>\n\t\t\t\t<\/div>\n\t\t\t\t\t<\/div>\n\t\t\t\t<\/div>\n\t\t<div class=\"elementor-element elementor-element-2c05ec8 e-flex e-con-boxed e-con e-parent\" data-id=\"2c05ec8\" data-element_type=\"container\" data-e-type=\"container\">\n\t\t\t\t\t<div class=\"e-con-inner\">\n\t\t\t\t<div class=\"elementor-element elementor-element-7b323ff elementor-widget elementor-widget-spacer\" data-id=\"7b323ff\" data-element_type=\"widget\" data-e-type=\"widget\" data-widget_type=\"spacer.default\">\n\t\t\t\t<div class=\"elementor-widget-container\">\n\t\t\t\t\t\t\t<div class=\"elementor-spacer\">\n\t\t\t<div class=\"elementor-spacer-inner\"><\/div>\n\t\t<\/div>\n\t\t\t\t\t\t<\/div>\n\t\t\t\t<\/div>\n\t\t\t\t\t<\/div>\n\t\t\t\t<\/div>\n\t\t<div class=\"elementor-element elementor-element-a7a193e e-flex e-con-boxed e-con e-parent\" data-id=\"a7a193e\" data-element_type=\"container\" data-e-type=\"container\">\n\t\t\t\t\t<div class=\"e-con-inner\">\n\t\t\t\t<div class=\"elementor-element elementor-element-68fc219 elementor-widget elementor-widget-text-editor\" data-id=\"68fc219\" data-element_type=\"widget\" data-e-type=\"widget\" data-widget_type=\"text-editor.default\">\n\t\t\t\t<div class=\"elementor-widget-container\">\n\t\t\t\t\t\t\t\t\t<h1><span style=\"color: #2349a1;\">What are Cookies<\/span><\/h1><p class=\"\"><span style=\"color: #005daa;\">As is common practice with almost all professional websites, this site uses cookies, which are small files that are downloaded to your computer to improve your experience. This page describes what information we collect, how we use it, and why we sometimes need to store these cookies. We will also share how you can prevent these cookies from being stored, however, this may downgrade or \u2018break\u2019 certain elements of the site\u2019s functionality.<\/span><\/p><p class=\"\"><span style=\"color: #005daa;\">For more information about cookies see the article at<\/span><\/p><p><span style=\"color: #ff9900;\"><a style=\"color: #ff9900;\" href=\"https:\/\/pt.wikipedia.org\/wiki\/Cookie_HTTP\">Wikipedia on HTTP Cookies<\/a><\/span><\/p><h1><span style=\"color: #2349a1;\">How we use Cookies<\/span><\/h1><p class=\"\"><span style=\"color: #005daa;\">We use cookies for a variety of reasons detailed below. Unfortunately, in most cases, there are no industry standard options for disabling cookies without completely disabling the functionality and features they add to this site. It is recommended that you leave all cookies enabled if you are not sure whether you need them or not, in case they are used to provide a service that you use.<\/span><\/p><h1><span style=\"color: #2349a1;\">Disable Cookies<\/span><\/h1><p class=\"\"><span style=\"color: #005daa;\">You can change the cookie settings by adjusting your browser settings (see your browser\u2019s Help for how to do this). Be aware that disabling cookies will affect the functionality of this and many other websites you visit. Disabling cookies will usually also disable certain functionalities and features of the site. Therefore, it is recommended that you do not disable cookies.<\/span><\/p><h1><span style=\"color: #2349a1;\">The Cookies we set<\/span><\/h1><p class=\"\"><span style=\"color: #005daa;\">When you submit data through a form, such as those found on contact pages or comment forms, cookies may be set to remember your user details for future correspondence.<\/span><\/p><p class=\"\"><span style=\"color: #005daa;\">In order to provide you with a great experience on this site, we provide the functionality to set your preferences for how this site works when you use it. In order to remember your preferences, we need to set cookies so that this information can be retrieved whenever you interact with a page that is affected by your preferences.<\/span><\/p><h1><span style=\"color: #2349a1;\">Third Party Cookies<\/span><\/h1><p class=\"\"><span style=\"color: #005daa;\">In some special cases, we also use cookies provided by trusted third parties. The following section details which third-party cookies may be found through this site.<\/span><\/p><p class=\"\"><span style=\"color: #005daa;\">This site uses Google Analytics, which is one of the most widespread and trusted analytics solutions on the web to help us understand how you use the site and ways we can improve your experience. These cookies may track things such as how long you spend on the site and the pages that you visit, so that we can continue to produce engaging content.<\/span><\/p><p class=\"\"><span style=\"color: #005daa;\">For more information on Google Analytics cookies, please see the official Google Analytics page.<\/span><\/p><p class=\"\"><span style=\"color: #005daa;\">From time to time, we test new features and make subtle changes to the way the site is delivered. When we are still testing new functionalities, these cookies may be used to ensure that you receive a consistent experience on the site, while helping us understand which optimizations our users appreciate the most.<\/span><\/p><p class=\"\"><span style=\"color: #005daa;\">We also use social media buttons and\/or plugins on this site that allow you to connect with your social network in various ways. For these to work, the following social media sites, including Facebook, will set cookies through our site that may be used to enhance your profile on the site or contribute to the data they hold for various purposes described in their respective privacy policies.<\/span><\/p><h1><span style=\"color: #2349a1;\">Privacy Policy for\u00a0<a style=\"color: #2349a1;\" href=\"https:\/\/devunir.evolutionrepair.pt\/en\/\">Unir dist\u00e2ncias<\/a><\/span><\/h1><p><span style=\"color: #005daa;\">We are committed to protecting the privacy of our customers' data.<\/span><\/p><p><span style=\"color: #005daa;\">The use of the information available, within the scope of your activity, must always comply with the legal provisions in force in Portugal, on which this privacy policy is based.<\/span><\/p><p><span style=\"color: #005daa;\">The privacy policy regulates and monitors the use of information by business processes and is applicable to all who collaborate with the company Unir Dist\u00e2ncias LDA.<\/span><\/p><p><span style=\"color: #005daa;\">All your personal information collected will be used to help make your visit to our site as productive and enjoyable as possible.<\/span><\/p><p><span style=\"color: #005daa;\">Ensuring the confidentiality of the personal data of the users of our site is important to Unir Dist\u00e2ncias.<\/span><\/p><p><span style=\"color: #005daa;\">All personal information relating to members, subscribers, customers, or visitors who use Unirdist\u00e2ncias.pt will be treated in accordance with the Personal Data Protection Law of May 25, 2018.<\/span><\/p><p><span style=\"color: #005daa;\">The personal information collected may include your name, email, telephone and\/or mobile number, address, date of birth and\/or others.<\/span><\/p><p><span style=\"color: #005daa;\">The use of Unir Dist\u00e2ncias implies acceptance of this Privacy Agreement.<\/span><\/p><p><span style=\"color: #005daa;\">I acknowledge and authorize that my personal data be collected, processed, and stored electronically by Unir Dist\u00e2ncias Lda.<\/span><\/p><p><span style=\"color: #005daa;\">I acknowledge and authorize that my personal data, necessary for the provision of services, respective billing, and compliance with legal obligations, be collected, processed, and stored electronically by Unir Dist\u00e2ncias.<\/span><\/p><p><span style=\"color: #005daa;\">I acknowledge and authorize that my personal data, necessary for the provision of services within the scope of campaign sending (email), be collected, processed, and stored electronically by Unir Dist\u00e2ncias.<\/span><\/p><p><span style=\"color: #005daa;\">The Unir Dist\u00e2ncias Lda team reserves the right to change this agreement without prior notice. Therefore, we recommend that you check our privacy policy regularly to always stay up to date.<\/span><\/p><h1><span style=\"color: #2349a1;\">More Information<\/span><\/h1><p class=\"\"><span style=\"color: #005daa;\">We hope this has clarified things for you and, as mentioned above, if there is something you are not sure whether you need or not, it is generally safer to leave cookies enabled in case they interact with one of the features you use on our site. However, if you are still looking for more information, you can contact us through one of our preferred contact methods.<\/span><\/p>\t\t\t\t\t\t\t\t<\/div>\n\t\t\t\t<\/div>\n\t\t\t\t\t<\/div>\n\t\t\t\t<\/div>\n\t\t<div class=\"elementor-element elementor-element-756c05c e-flex e-con-boxed e-con e-parent\" data-id=\"756c05c\" data-element_type=\"container\" data-e-type=\"container\">\n\t\t\t\t\t<div class=\"e-con-inner\">\n\t\t\t\t<div class=\"elementor-element elementor-element-72d43c9 elementor-widget elementor-widget-spacer\" data-id=\"72d43c9\" data-element_type=\"widget\" data-e-type=\"widget\" data-widget_type=\"spacer.default\">\n\t\t\t\t<div class=\"elementor-widget-container\">\n\t\t\t\t\t\t\t<div class=\"elementor-spacer\">\n\t\t\t<div class=\"elementor-spacer-inner\"><\/div>\n\t\t<\/div>\n\t\t\t\t\t\t<\/div>\n\t\t\t\t<\/div>\n\t\t\t\t\t<\/div>\n\t\t\t\t<\/div>\n\t\t\t\t<\/div>","protected":false},"excerpt":{"rendered":"<p>Pol\u00edtica de Cookies e Privacidade O que s\u00e3o Cookies Como \u00e9 pr\u00e1tica comum com quase todos os sites profissionais neste site utiliza cookies, que s\u00e3o pequenos arquivos que s\u00e3o baixados para o computador , para melhorar a sua experi\u00eancia. Esta p\u00e1gina descreve quais as informa\u00e7\u00f5es que recolhemos, como a usamos e porque \u00e0s vezes precisamos [&hellip;]<\/p>\n","protected":false},"author":1,"featured_media":0,"parent":0,"menu_order":0,"comment_status":"closed","ping_status":"closed","template":"elementor_header_footer","meta":{"footnotes":""},"class_list":["post-3","page","type-page","status-publish","hentry"],"yoast_head":"<!-- This site is optimized with the Yoast SEO plugin v27.1.1 - https:\/\/yoast.com\/product\/yoast-seo-wordpress\/ -->\n<title>Pol\u00edtica de Cookies e Privacidade - Unir Dist\u00e2ncias | Mudan\u00e7as &amp; Self-Storage<\/title>\n<meta name=\"robots\" content=\"index, follow, max-snippet:-1, max-image-preview:large, max-video-preview:-1\" \/>\n<link rel=\"canonical\" href=\"https:\/\/devunir.evolutionrepair.pt\/en\/politica-cookies-privacidade\/\" \/>\n<meta property=\"og:locale\" content=\"en_GB\" \/>\n<meta property=\"og:type\" content=\"article\" \/>\n<meta property=\"og:title\" content=\"Pol\u00edtica de Cookies e Privacidade - Unir Dist\u00e2ncias | Mudan\u00e7as &amp; Self-Storage\" \/>\n<meta property=\"og:description\" content=\"Pol\u00edtica de Cookies e Privacidade O que s\u00e3o Cookies Como \u00e9 pr\u00e1tica comum com quase todos os sites profissionais neste site utiliza cookies, que s\u00e3o pequenos arquivos que s\u00e3o baixados para o computador , para melhorar a sua experi\u00eancia. Esta p\u00e1gina descreve quais as informa\u00e7\u00f5es que recolhemos, como a usamos e porque \u00e0s vezes precisamos [&hellip;]\" \/>\n<meta property=\"og:url\" content=\"https:\/\/devunir.evolutionrepair.pt\/en\/politica-cookies-privacidade\/\" \/>\n<meta property=\"og:site_name\" content=\"Unir Dist\u00e2ncias | Mudan\u00e7as &amp; Self-Storage\" \/>\n<meta property=\"article:modified_time\" content=\"2025-06-28T17:47:32+00:00\" \/>\n<meta name=\"twitter:card\" content=\"summary_large_image\" \/>\n<meta name=\"twitter:label1\" content=\"Estimated reading time\" \/>\n\t<meta name=\"twitter:data1\" content=\"6 minutes\" \/>\n<script type=\"application\/ld+json\" class=\"yoast-schema-graph\">{\"@context\":\"https:\/\/schema.org\",\"@graph\":[{\"@type\":\"WebPage\",\"@id\":\"https:\/\/devunir.evolutionrepair.pt\/politica-cookies-privacidade\/\",\"url\":\"https:\/\/devunir.evolutionrepair.pt\/politica-cookies-privacidade\/\",\"name\":\"Pol\u00edtica de Cookies e Privacidade - Unir Dist\u00e2ncias | Mudan\u00e7as &amp; Self-Storage\",\"isPartOf\":{\"@id\":\"https:\/\/devunir.evolutionrepair.pt\/#website\"},\"datePublished\":\"2025-06-23T12:27:07+00:00\",\"dateModified\":\"2025-06-28T17:47:32+00:00\",\"breadcrumb\":{\"@id\":\"https:\/\/devunir.evolutionrepair.pt\/politica-cookies-privacidade\/#breadcrumb\"},\"inLanguage\":\"en-GB\",\"potentialAction\":[{\"@type\":\"ReadAction\",\"target\":[\"https:\/\/devunir.evolutionrepair.pt\/politica-cookies-privacidade\/\"]}]},{\"@type\":\"BreadcrumbList\",\"@id\":\"https:\/\/devunir.evolutionrepair.pt\/politica-cookies-privacidade\/#breadcrumb\",\"itemListElement\":[{\"@type\":\"ListItem\",\"position\":1,\"name\":\"In\u00edcio\",\"item\":\"https:\/\/devunir.evolutionrepair.pt\/\"},{\"@type\":\"ListItem\",\"position\":2,\"name\":\"Pol\u00edtica de Cookies e Privacidade\"}]},{\"@type\":\"WebSite\",\"@id\":\"https:\/\/devunir.evolutionrepair.pt\/#website\",\"url\":\"https:\/\/devunir.evolutionrepair.pt\/\",\"name\":\"Unir Dist\u00e2ncias | Mudan\u00e7as &amp; Self-Storage\",\"description\":\"Grupo Unir Dist\u00e2ncias\",\"publisher\":{\"@id\":\"https:\/\/devunir.evolutionrepair.pt\/#organization\"},\"potentialAction\":[{\"@type\":\"SearchAction\",\"target\":{\"@type\":\"EntryPoint\",\"urlTemplate\":\"https:\/\/devunir.evolutionrepair.pt\/?s={search_term_string}\"},\"query-input\":{\"@type\":\"PropertyValueSpecification\",\"valueRequired\":true,\"valueName\":\"search_term_string\"}}],\"inLanguage\":\"en-GB\"},{\"@type\":\"Organization\",\"@id\":\"https:\/\/devunir.evolutionrepair.pt\/#organization\",\"name\":\"Unir Dist\u00e2ncias | Mudan\u00e7as &amp; Self-Storage\",\"url\":\"https:\/\/devunir.evolutionrepair.pt\/\",\"logo\":{\"@type\":\"ImageObject\",\"inLanguage\":\"en-GB\",\"@id\":\"https:\/\/devunir.evolutionrepair.pt\/#\/schema\/logo\/image\/\",\"url\":\"https:\/\/devunir.evolutionrepair.pt\/wp-content\/uploads\/2025\/06\/cropped-Logo-Unirdistancias-Azul-scaled-1.png\",\"contentUrl\":\"https:\/\/devunir.evolutionrepair.pt\/wp-content\/uploads\/2025\/06\/cropped-Logo-Unirdistancias-Azul-scaled-1.png\",\"width\":2559,\"height\":666,\"caption\":\"Unir Dist\u00e2ncias | Mudan\u00e7as &amp; Self-Storage\"},\"image\":{\"@id\":\"https:\/\/devunir.evolutionrepair.pt\/#\/schema\/logo\/image\/\"}}]}<\/script>\n<!-- \/ Yoast SEO plugin. -->","yoast_head_json":{"title":"Pol\u00edtica de Cookies e Privacidade - Unir Dist\u00e2ncias | Mudan\u00e7as &amp; Self-Storage","robots":{"index":"index","follow":"follow","max-snippet":"max-snippet:-1","max-image-preview":"max-image-preview:large","max-video-preview":"max-video-preview:-1"},"canonical":"https:\/\/devunir.evolutionrepair.pt\/en\/politica-cookies-privacidade\/","og_locale":"en_GB","og_type":"article","og_title":"Pol\u00edtica de Cookies e Privacidade - Unir Dist\u00e2ncias | Mudan\u00e7as &amp; Self-Storage","og_description":"Pol\u00edtica de Cookies e Privacidade O que s\u00e3o Cookies Como \u00e9 pr\u00e1tica comum com quase todos os sites profissionais neste site utiliza cookies, que s\u00e3o pequenos arquivos que s\u00e3o baixados para o computador , para melhorar a sua experi\u00eancia. Esta p\u00e1gina descreve quais as informa\u00e7\u00f5es que recolhemos, como a usamos e porque \u00e0s vezes precisamos [&hellip;]","og_url":"https:\/\/devunir.evolutionrepair.pt\/en\/politica-cookies-privacidade\/","og_site_name":"Unir Dist\u00e2ncias | Mudan\u00e7as &amp; Self-Storage","article_modified_time":"2025-06-28T17:47:32+00:00","twitter_card":"summary_large_image","twitter_misc":{"Estimated reading time":"6 minutes"},"schema":{"@context":"https:\/\/schema.org","@graph":[{"@type":"WebPage","@id":"https:\/\/devunir.evolutionrepair.pt\/politica-cookies-privacidade\/","url":"https:\/\/devunir.evolutionrepair.pt\/politica-cookies-privacidade\/","name":"Pol\u00edtica de Cookies e Privacidade - Unir Dist\u00e2ncias | Mudan\u00e7as &amp; Self-Storage","isPartOf":{"@id":"https:\/\/devunir.evolutionrepair.pt\/#website"},"datePublished":"2025-06-23T12:27:07+00:00","dateModified":"2025-06-28T17:47:32+00:00","breadcrumb":{"@id":"https:\/\/devunir.evolutionrepair.pt\/politica-cookies-privacidade\/#breadcrumb"},"inLanguage":"en-GB","potentialAction":[{"@type":"ReadAction","target":["https:\/\/devunir.evolutionrepair.pt\/politica-cookies-privacidade\/"]}]},{"@type":"BreadcrumbList","@id":"https:\/\/devunir.evolutionrepair.pt\/politica-cookies-privacidade\/#breadcrumb","itemListElement":[{"@type":"ListItem","position":1,"name":"In\u00edcio","item":"https:\/\/devunir.evolutionrepair.pt\/"},{"@type":"ListItem","position":2,"name":"Pol\u00edtica de Cookies e Privacidade"}]},{"@type":"WebSite","@id":"https:\/\/devunir.evolutionrepair.pt\/#website","url":"https:\/\/devunir.evolutionrepair.pt\/","name":"Unir Dist\u00e2ncias | Mudan\u00e7as &amp; Self-Storage","description":"Group Unir Dist\u00e2ncias","publisher":{"@id":"https:\/\/devunir.evolutionrepair.pt\/#organization"},"potentialAction":[{"@type":"SearchAction","target":{"@type":"EntryPoint","urlTemplate":"https:\/\/devunir.evolutionrepair.pt\/?s={search_term_string}"},"query-input":{"@type":"PropertyValueSpecification","valueRequired":true,"valueName":"search_term_string"}}],"inLanguage":"en-GB"},{"@type":"Organization","@id":"https:\/\/devunir.evolutionrepair.pt\/#organization","name":"Unir Dist\u00e2ncias | Mudan\u00e7as &amp; Self-Storage","url":"https:\/\/devunir.evolutionrepair.pt\/","logo":{"@type":"ImageObject","inLanguage":"en-GB","@id":"https:\/\/devunir.evolutionrepair.pt\/#\/schema\/logo\/image\/","url":"https:\/\/devunir.evolutionrepair.pt\/wp-content\/uploads\/2025\/06\/cropped-Logo-Unirdistancias-Azul-scaled-1.png","contentUrl":"https:\/\/devunir.evolutionrepair.pt\/wp-content\/uploads\/2025\/06\/cropped-Logo-Unirdistancias-Azul-scaled-1.png","width":2559,"height":666,"caption":"Unir Dist\u00e2ncias | Mudan\u00e7as &amp; Self-Storage"},"image":{"@id":"https:\/\/devunir.evolutionrepair.pt\/#\/schema\/logo\/image\/"}}]}},"_links":{"self":[{"href":"https:\/\/devunir.evolutionrepair.pt\/en\/wp-json\/wp\/v2\/pages\/3","targetHints":{"allow":["GET"]}}],"collection":[{"href":"https:\/\/devunir.evolutionrepair.pt\/en\/wp-json\/wp\/v2\/pages"}],"about":[{"href":"https:\/\/devunir.evolutionrepair.pt\/en\/wp-json\/wp\/v2\/types\/page"}],"author":[{"embeddable":true,"href":"https:\/\/devunir.evolutionrepair.pt\/en\/wp-json\/wp\/v2\/users\/1"}],"replies":[{"embeddable":true,"href":"https:\/\/devunir.evolutionrepair.pt\/en\/wp-json\/wp\/v2\/comments?post=3"}],"version-history":[{"count":36,"href":"https:\/\/devunir.evolutionrepair.pt\/en\/wp-json\/wp\/v2\/pages\/3\/revisions"}],"predecessor-version":[{"id":1090,"href":"https:\/\/devunir.evolutionrepair.pt\/en\/wp-json\/wp\/v2\/pages\/3\/revisions\/1090"}],"wp:attachment":[{"href":"https:\/\/devunir.evolutionrepair.pt\/en\/wp-json\/wp\/v2\/media?parent=3"}],"curies":[{"name":"wp","href":"https:\/\/api.w.org\/{rel}","templated":true}]}}